{"id":252,"date":"2025-04-04T14:01:29","date_gmt":"2025-04-04T11:01:29","guid":{"rendered":"https:\/\/ephesiahotel.com\/beach\/?page_id=252"},"modified":"2025-04-04T14:32:57","modified_gmt":"2025-04-04T11:32:57","slug":"yeme-icme","status":"publish","type":"page","link":"https:\/\/ephesiahotel.com\/beach\/yeme-icme\/","title":{"rendered":"Yeme &#8211; \u0130\u00e7me"},"content":{"rendered":"<h2 style=\"margin-bottom: 20px;\">Sunset Restoran<\/h2>\n<p>A\u00e7\u0131k ve kapal\u0131 oturma alanlar\u0131yla, m\u00fckemmel deniz manzaras\u0131yla tatiliniz boyunca kahvalt\u0131, \u00f6\u011fle yeme\u011fi ve ak\u015fam yemeklerinde deneyimli a\u015f\u00e7\u0131lar\u0131m\u0131z taraf\u0131ndan haz\u0131rlanm\u0131\u015f a\u00e7\u0131k b\u00fcfemizde d\u00fcnya mutfa\u011f\u0131 ve geleneksel T\u00fcrk mutfa\u011f\u0131ndan lezzetlerin tad\u0131na bakabilirsiniz.<\/p>\n<ul>\n<li><strong>Kahvalt\u0131<\/strong><span>\u00a0<\/span><i>07:00 \u2013 10:00<\/i><\/li>\n<li><strong>Ge\u00e7 Kahvalt\u0131<\/strong><span>\u00a0<\/span><i>10:00 \u2013 10:30<\/i><\/li>\n<li><strong>\u00d6\u011fle yeme\u011fi<\/strong><span>\u00a0<\/span><i>12:30 \u2013 14:00<\/i><\/li>\n<li><strong>Ak\u015fam yeme\u011fi<\/strong><span>\u00a0<\/span><i>19:00 \u2013 21:00<\/i><\/li>\n<li><strong>Gece \u00e7orbas\u0131<\/strong><span>\u00a0<\/span><i>23:30 \u2013 00:30<\/i><\/li>\n<\/ul>\n","protected":false},"excerpt":{"rendered":"<p>Sunset Restoran A\u00e7\u0131k ve kapal\u0131 oturma alanlar\u0131yla,&#8230;<\/p>\n","protected":false},"author":1,"featured_media":254,"parent":0,"menu_order":0,"comment_status":"closed","ping_status":"closed","template":"page-yeme-icme.php","meta":{"_acf_changed":false,"inline_featured_image":false,"footnotes":""},"class_list":["post-252","page","type-page","status-publish","has-post-thumbnail","hentry"],"acf":[],"_links":{"self":[{"href":"https:\/\/ephesiahotel.com\/beach\/wp-json\/wp\/v2\/pages\/252","targetHints":{"allow":["GET"]}}],"collection":[{"href":"https:\/\/ephesiahotel.com\/beach\/wp-json\/wp\/v2\/pages"}],"about":[{"href":"https:\/\/ephesiahotel.com\/beach\/wp-json\/wp\/v2\/types\/page"}],"author":[{"embeddable":true,"href":"https:\/\/ephesiahotel.com\/beach\/wp-json\/wp\/v2\/users\/1"}],"replies":[{"embeddable":true,"href":"https:\/\/ephesiahotel.com\/beach\/wp-json\/wp\/v2\/comments?post=252"}],"version-history":[{"count":17,"href":"https:\/\/ephesiahotel.com\/beach\/wp-json\/wp\/v2\/pages\/252\/revisions"}],"predecessor-version":[{"id":295,"href":"https:\/\/ephesiahotel.com\/beach\/wp-json\/wp\/v2\/pages\/252\/revisions\/295"}],"wp:featuredmedia":[{"embeddable":true,"href":"https:\/\/ephesiahotel.com\/beach\/wp-json\/wp\/v2\/media\/254"}],"wp:attachment":[{"href":"https:\/\/ephesiahotel.com\/beach\/wp-json\/wp\/v2\/media?parent=252"}],"curies":[{"name":"wp","href":"https:\/\/api.w.org\/{rel}","templated":true}]}}