{"id":301,"date":"2025-04-04T15:17:27","date_gmt":"2025-04-04T12:17:27","guid":{"rendered":"https:\/\/ephesiahotel.com\/beach\/?page_id=301"},"modified":"2025-04-04T15:26:57","modified_gmt":"2025-04-04T12:26:57","slug":"aktiviteler","status":"publish","type":"page","link":"https:\/\/ephesiahotel.com\/beach\/aktiviteler\/","title":{"rendered":"Aktiviteler"},"content":{"rendered":"<h2 style=\"margin-bottom: 20px;\">G\u00fcn Boyu E\u011flence ve Aktivite Dolu Anlar!<\/h2>\n<p>Tesisimizde her ya\u015fa ve her zevke hitap eden bir dizi aktivite ile dolu dolu bir tatil sizi bekliyor. G\u00fcn boyu su jimnasti\u011finden dart ve bocciaya, plaj voleybolundan mini futbola kadar e\u011flenceli aktivitelerle vakit ge\u00e7irebilirsiniz. \u00c7ocuklar i\u00e7in \u00f6zel olarak haz\u0131rlanan kul\u00fcb\u00fcm\u00fcz, minik misafirlerimize g\u00fcvenli ve e\u011flenceli bir ortam sunarken, yeti\u015fkinlere de rahatlama f\u0131rsat\u0131 tan\u0131r. Ayr\u0131ca, ak\u015fam saatlerinde canl\u0131 m\u00fczik performanslar\u0131 ve gece animasyon g\u00f6sterileriyle tatilinizin her an\u0131 keyif dolu olacak. Su sporlar\u0131, masa tenisi gibi \u00fccretli aktiviteler ise adrenalin severlere hitap eder. Hemen ke\u015ffedin, her an\u0131n tad\u0131n\u0131 \u00e7\u0131kar\u0131n!<\/p>\n","protected":false},"excerpt":{"rendered":"<p>G\u00fcn Boyu E\u011flence ve Aktivite Dolu Anlar!&#8230;<\/p>\n","protected":false},"author":1,"featured_media":303,"parent":0,"menu_order":0,"comment_status":"closed","ping_status":"closed","template":"page-aktiviteler.php","meta":{"_acf_changed":false,"inline_featured_image":false,"footnotes":""},"class_list":["post-301","page","type-page","status-publish","has-post-thumbnail","hentry"],"acf":[],"_links":{"self":[{"href":"https:\/\/ephesiahotel.com\/beach\/wp-json\/wp\/v2\/pages\/301","targetHints":{"allow":["GET"]}}],"collection":[{"href":"https:\/\/ephesiahotel.com\/beach\/wp-json\/wp\/v2\/pages"}],"about":[{"href":"https:\/\/ephesiahotel.com\/beach\/wp-json\/wp\/v2\/types\/page"}],"author":[{"embeddable":true,"href":"https:\/\/ephesiahotel.com\/beach\/wp-json\/wp\/v2\/users\/1"}],"replies":[{"embeddable":true,"href":"https:\/\/ephesiahotel.com\/beach\/wp-json\/wp\/v2\/comments?post=301"}],"version-history":[{"count":5,"href":"https:\/\/ephesiahotel.com\/beach\/wp-json\/wp\/v2\/pages\/301\/revisions"}],"predecessor-version":[{"id":324,"href":"https:\/\/ephesiahotel.com\/beach\/wp-json\/wp\/v2\/pages\/301\/revisions\/324"}],"wp:featuredmedia":[{"embeddable":true,"href":"https:\/\/ephesiahotel.com\/beach\/wp-json\/wp\/v2\/media\/303"}],"wp:attachment":[{"href":"https:\/\/ephesiahotel.com\/beach\/wp-json\/wp\/v2\/media?parent=301"}],"curies":[{"name":"wp","href":"https:\/\/api.w.org\/{rel}","templated":true}]}}