{"id":326,"date":"2025-04-04T15:32:24","date_gmt":"2025-04-04T12:32:24","guid":{"rendered":"https:\/\/ephesiahotel.com\/beach\/?page_id=326"},"modified":"2025-04-30T09:42:35","modified_gmt":"2025-04-30T06:42:35","slug":"dugun-banket","status":"publish","type":"page","link":"https:\/\/ephesiahotel.com\/beach\/dugun-banket\/","title":{"rendered":"D\u00fc\u011f\u00fcn &#038; Banket"},"content":{"rendered":"<h2 style=\"margin-bottom: 20px;\">Hayalinizdeki \u00d6zel G\u00fcn ve Toplant\u0131lar<\/h2>\n<p>Ephesia Otelleri, sadece d\u00fc\u011f\u00fcnler i\u00e7in de\u011fil, i\u015f d\u00fcnyas\u0131 ve \u00f6zel toplant\u0131lar i\u00e7in de m\u00fckemmel bir ortam sunuyor. Geni\u015f toplant\u0131 salonlar\u0131m\u0131z, etkileyici manzaralar e\u015fli\u011finde i\u015f toplant\u0131lar\u0131ndan \u00f6zel davetlere kadar her t\u00fcrl\u00fc organizasyona ev sahipli\u011fi yap\u0131yor. Masal gibi bir d\u00fc\u011f\u00fcn veya profesyonel bir toplant\u0131; her detay, uzman ekibimiz taraf\u0131ndan sizin i\u00e7in haz\u0131rlan\u0131r. Hem i\u015f hem de e\u011flenceyi bir arada bulabilece\u011finiz e\u015fsiz bir atmosferde organizasyonunuzu ger\u00e7ekle\u015ftirmeniz i\u00e7in sizi bekliyoruz.<\/p>\n","protected":false},"excerpt":{"rendered":"<p>Hayalinizdeki \u00d6zel G\u00fcn ve Toplant\u0131lar Ephesia Otelleri,&#8230;<\/p>\n","protected":false},"author":1,"featured_media":328,"parent":0,"menu_order":0,"comment_status":"closed","ping_status":"closed","template":"page-style-1.php","meta":{"_acf_changed":false,"inline_featured_image":false,"footnotes":""},"class_list":["post-326","page","type-page","status-publish","has-post-thumbnail","hentry"],"acf":[],"_links":{"self":[{"href":"https:\/\/ephesiahotel.com\/beach\/wp-json\/wp\/v2\/pages\/326","targetHints":{"allow":["GET"]}}],"collection":[{"href":"https:\/\/ephesiahotel.com\/beach\/wp-json\/wp\/v2\/pages"}],"about":[{"href":"https:\/\/ephesiahotel.com\/beach\/wp-json\/wp\/v2\/types\/page"}],"author":[{"embeddable":true,"href":"https:\/\/ephesiahotel.com\/beach\/wp-json\/wp\/v2\/users\/1"}],"replies":[{"embeddable":true,"href":"https:\/\/ephesiahotel.com\/beach\/wp-json\/wp\/v2\/comments?post=326"}],"version-history":[{"count":13,"href":"https:\/\/ephesiahotel.com\/beach\/wp-json\/wp\/v2\/pages\/326\/revisions"}],"predecessor-version":[{"id":909,"href":"https:\/\/ephesiahotel.com\/beach\/wp-json\/wp\/v2\/pages\/326\/revisions\/909"}],"wp:featuredmedia":[{"embeddable":true,"href":"https:\/\/ephesiahotel.com\/beach\/wp-json\/wp\/v2\/media\/328"}],"wp:attachment":[{"href":"https:\/\/ephesiahotel.com\/beach\/wp-json\/wp\/v2\/media?parent=326"}],"curies":[{"name":"wp","href":"https:\/\/api.w.org\/{rel}","templated":true}]}}