{"id":372,"date":"2025-04-04T16:03:05","date_gmt":"2025-04-04T13:03:05","guid":{"rendered":"https:\/\/ephesiahotel.com\/beach\/?page_id=372"},"modified":"2025-04-04T16:41:56","modified_gmt":"2025-04-04T13:41:56","slug":"spa-masaj","status":"publish","type":"page","link":"https:\/\/ephesiahotel.com\/beach\/spa-masaj\/","title":{"rendered":"Spa &#038; Masaj"},"content":{"rendered":"<p>Misafirlerimiz Spa merkezimizde fitness salonu, T\u00fcrk hamam\u0131 ve saunadan \u00fccretsiz faydalanabilirler. Profesyonel kadromuzun ki\u015fiye \u00f6zel haz\u0131rlad\u0131\u011f\u0131 \u00fccretli masaj seanslar\u0131nda ruhunuzu negatif enerjiden, v\u00fccudunuzu toksinlerden ar\u0131nd\u0131r\u0131p huzura ve sa\u011fl\u0131\u011fa kavu\u015fabilirsiniz. Spa faaliyetleri saat 09:00 \u2013 19:00 saatleri aras\u0131nda rezervasyonlu olarak hizmet vermektedir.<\/p>\n","protected":false},"excerpt":{"rendered":"<p>Misafirlerimiz Spa merkezimizde fitness salonu, T\u00fcrk hamam\u0131&#8230;<\/p>\n","protected":false},"author":1,"featured_media":396,"parent":0,"menu_order":0,"comment_status":"closed","ping_status":"closed","template":"page-style-1.php","meta":{"_acf_changed":false,"inline_featured_image":false,"footnotes":""},"class_list":["post-372","page","type-page","status-publish","has-post-thumbnail","hentry"],"acf":[],"_links":{"self":[{"href":"https:\/\/ephesiahotel.com\/beach\/wp-json\/wp\/v2\/pages\/372","targetHints":{"allow":["GET"]}}],"collection":[{"href":"https:\/\/ephesiahotel.com\/beach\/wp-json\/wp\/v2\/pages"}],"about":[{"href":"https:\/\/ephesiahotel.com\/beach\/wp-json\/wp\/v2\/types\/page"}],"author":[{"embeddable":true,"href":"https:\/\/ephesiahotel.com\/beach\/wp-json\/wp\/v2\/users\/1"}],"replies":[{"embeddable":true,"href":"https:\/\/ephesiahotel.com\/beach\/wp-json\/wp\/v2\/comments?post=372"}],"version-history":[{"count":2,"href":"https:\/\/ephesiahotel.com\/beach\/wp-json\/wp\/v2\/pages\/372\/revisions"}],"predecessor-version":[{"id":376,"href":"https:\/\/ephesiahotel.com\/beach\/wp-json\/wp\/v2\/pages\/372\/revisions\/376"}],"wp:featuredmedia":[{"embeddable":true,"href":"https:\/\/ephesiahotel.com\/beach\/wp-json\/wp\/v2\/media\/396"}],"wp:attachment":[{"href":"https:\/\/ephesiahotel.com\/beach\/wp-json\/wp\/v2\/media?parent=372"}],"curies":[{"name":"wp","href":"https:\/\/api.w.org\/{rel}","templated":true}]}}