{"id":518,"date":"2025-04-07T16:21:48","date_gmt":"2025-04-07T13:21:48","guid":{"rendered":"https:\/\/ephesiahotel.com\/beach\/?page_id=518"},"modified":"2025-04-07T16:27:36","modified_gmt":"2025-04-07T13:27:36","slug":"superior-deniz-manzarali-oda","status":"publish","type":"page","link":"https:\/\/ephesiahotel.com\/beach\/odalar\/superior-odalar\/superior-deniz-manzarali-oda\/","title":{"rendered":"Superior Deniz Manzaral\u0131 Oda"},"content":{"rendered":"<p>Minimalist tarzda dekore edilmi\u015f 34m\u00b2 b\u00fcy\u00fckl\u00fc\u011f\u00fcnde ki odalar\u0131m\u0131z deniz manzaral\u0131d\u0131r.<\/p>\n<p>Bir adet \u00e7ift ki\u015filik yatak, bir adet tek ki\u015filik yata\u011fa sahip odalar\u0131m\u0131z 1-3 ki\u015filik konaklamalar i\u00e7in uygun ve konforludur.<\/p>\n<p>Odalar\u0131m\u0131zda Split klima, Lcd TV, ,Emanet kasas\u0131 (\u00fccretsiz), Sa\u00e7 kurutma makinesi, Minibar (giri\u015f g\u00fcn\u00fc 2 adet su \u00fccretsiz), makyaj masas\u0131-aynas\u0131<\/p>\n<p>\u00c7ay-kahve ikram seti, Du\u015f \/ Wc, Kablosuz internet (\u00fccretsiz), Telefon (\u00fccretli), seramik zemin ve balkon bulunmaktad\u0131r.<\/p>\n","protected":false},"excerpt":{"rendered":"<p>Minimalist tarzda dekore edilmi\u015f 34m\u00b2 b\u00fcy\u00fckl\u00fc\u011f\u00fcnde ki&#8230;<\/p>\n","protected":false},"author":1,"featured_media":519,"parent":506,"menu_order":0,"comment_status":"closed","ping_status":"closed","template":"page-oda-detay.php","meta":{"_acf_changed":false,"inline_featured_image":false,"footnotes":""},"class_list":["post-518","page","type-page","status-publish","has-post-thumbnail","hentry"],"acf":[],"_links":{"self":[{"href":"https:\/\/ephesiahotel.com\/beach\/wp-json\/wp\/v2\/pages\/518","targetHints":{"allow":["GET"]}}],"collection":[{"href":"https:\/\/ephesiahotel.com\/beach\/wp-json\/wp\/v2\/pages"}],"about":[{"href":"https:\/\/ephesiahotel.com\/beach\/wp-json\/wp\/v2\/types\/page"}],"author":[{"embeddable":true,"href":"https:\/\/ephesiahotel.com\/beach\/wp-json\/wp\/v2\/users\/1"}],"replies":[{"embeddable":true,"href":"https:\/\/ephesiahotel.com\/beach\/wp-json\/wp\/v2\/comments?post=518"}],"version-history":[{"count":3,"href":"https:\/\/ephesiahotel.com\/beach\/wp-json\/wp\/v2\/pages\/518\/revisions"}],"predecessor-version":[{"id":827,"href":"https:\/\/ephesiahotel.com\/beach\/wp-json\/wp\/v2\/pages\/518\/revisions\/827"}],"up":[{"embeddable":true,"href":"https:\/\/ephesiahotel.com\/beach\/wp-json\/wp\/v2\/pages\/506"}],"wp:featuredmedia":[{"embeddable":true,"href":"https:\/\/ephesiahotel.com\/beach\/wp-json\/wp\/v2\/media\/519"}],"wp:attachment":[{"href":"https:\/\/ephesiahotel.com\/beach\/wp-json\/wp\/v2\/media?parent=518"}],"curies":[{"name":"wp","href":"https:\/\/api.w.org\/{rel}","templated":true}]}}