{"id":552,"date":"2025-04-07T17:14:52","date_gmt":"2025-04-07T14:14:52","guid":{"rendered":"https:\/\/ephesiahotel.com\/beach\/?page_id=552"},"modified":"2025-04-07T17:14:52","modified_gmt":"2025-04-07T14:14:52","slug":"insan-kaynaklari","status":"publish","type":"page","link":"https:\/\/ephesiahotel.com\/beach\/insan-kaynaklari\/","title":{"rendered":"\u0130nsan Kaynaklar\u0131"},"content":{"rendered":"<h2>Personel Politikas\u0131<\/h2>\n<ul>\n<li>\u00c7al\u0131\u015fanlar\u0131n kendisini geli\u015ftirmesi, bilgi ve becerisinin i\u015fe dahil edilmesini sa\u011flamakt\u0131r.<\/li>\n<li>Yeni fikir, d\u00fc\u015f\u00fcnce, kavram, y\u00f6ntem ve teknik \u00fcretmektir.<\/li>\n<li>Tak\u0131m \u00e7al\u0131\u015fmas\u0131 demektir.<\/li>\n<li>\u00c7al\u0131\u015fanlar\u0131n yapt\u0131\u011f\u0131 i\u015fe sahip olmas\u0131 demektir.<\/li>\n<li>Misafir memnuniyetini azami k\u0131lmakt\u0131r.<\/li>\n<li>\u00c7al\u0131\u015fanlar\u0131n ki\u015fisel geli\u015fmesini ve mesleki ilerlemesini sa\u011flamakt\u0131r.<\/li>\n<li>E\u011fitim ve yeti\u015ftirme demektir.<\/li>\n<\/ul>\n<h2>De\u011ferlerimiz<\/h2>\n<ul>\n<li>G\u00fclery\u00fcz, samimiyet, nezaket<\/li>\n<li>Sorumluluk bilinci<\/li>\n<li>\u00dcretim ve hizmet kalitesini geli\u015ftirmek<\/li>\n<li>Misafirperverlik<\/li>\n<li>% 100 misafir memnuniyeti<\/li>\n<li>Sayg\u0131 &amp; \u00adSevgi<\/li>\n<\/ul>\n","protected":false},"excerpt":{"rendered":"<p>Personel Politikas\u0131 \u00c7al\u0131\u015fanlar\u0131n kendisini geli\u015ftirmesi, bilgi ve&#8230;<\/p>\n","protected":false},"author":1,"featured_media":430,"parent":0,"menu_order":0,"comment_status":"closed","ping_status":"closed","template":"","meta":{"_acf_changed":false,"inline_featured_image":false,"footnotes":""},"class_list":["post-552","page","type-page","status-publish","has-post-thumbnail","hentry"],"acf":[],"_links":{"self":[{"href":"https:\/\/ephesiahotel.com\/beach\/wp-json\/wp\/v2\/pages\/552","targetHints":{"allow":["GET"]}}],"collection":[{"href":"https:\/\/ephesiahotel.com\/beach\/wp-json\/wp\/v2\/pages"}],"about":[{"href":"https:\/\/ephesiahotel.com\/beach\/wp-json\/wp\/v2\/types\/page"}],"author":[{"embeddable":true,"href":"https:\/\/ephesiahotel.com\/beach\/wp-json\/wp\/v2\/users\/1"}],"replies":[{"embeddable":true,"href":"https:\/\/ephesiahotel.com\/beach\/wp-json\/wp\/v2\/comments?post=552"}],"version-history":[{"count":1,"href":"https:\/\/ephesiahotel.com\/beach\/wp-json\/wp\/v2\/pages\/552\/revisions"}],"predecessor-version":[{"id":553,"href":"https:\/\/ephesiahotel.com\/beach\/wp-json\/wp\/v2\/pages\/552\/revisions\/553"}],"wp:featuredmedia":[{"embeddable":true,"href":"https:\/\/ephesiahotel.com\/beach\/wp-json\/wp\/v2\/media\/430"}],"wp:attachment":[{"href":"https:\/\/ephesiahotel.com\/beach\/wp-json\/wp\/v2\/media?parent=552"}],"curies":[{"name":"wp","href":"https:\/\/api.w.org\/{rel}","templated":true}]}}