{"id":554,"date":"2025-04-07T17:15:25","date_gmt":"2025-04-07T14:15:25","guid":{"rendered":"https:\/\/ephesiahotel.com\/beach\/?page_id=554"},"modified":"2025-04-07T17:15:25","modified_gmt":"2025-04-07T14:15:25","slug":"kalite-politikasi","status":"publish","type":"page","link":"https:\/\/ephesiahotel.com\/beach\/kalite-politikasi\/","title":{"rendered":"Kalite Politikas\u0131"},"content":{"rendered":"<p>\u2013 \u0130lk ve her seferinde do\u011fru yapmak, hatay\u0131 an\u0131nda d\u00fczeltmek, ISO 9001 ve HACCP standartlar\u0131n\u0131 olu\u015fturmak,<\/p>\n<p>\u2013 \u0130\u015fletmede sevgi\u00ad sayg\u0131 huzur ortam\u0131 yarat\u0131larak,\u00e7al\u0131\u015fanlar\u0131n motivasyonunu artt\u0131rmak,<\/p>\n<p>\u2013 \u00c7al\u0131\u015fanlar\u0131na kalite anlay\u0131\u015f\u0131, hijyen ve g\u0131da g\u00fcvenli\u011fi konusunda s\u00fcrekli e\u011fitim verilerek,geli\u015fimlerini sa\u011flamak,<\/p>\n<p>\u2013 Yasal mevzuata uygun hijyenik ortamlarda \u00fcretim ve servis yapmak,<\/p>\n<p>\u2013 \u00dcr\u00fcnlerimizin kalitesini ve g\u00fcvenirli\u011fini TSE markal\u0131 ve G\u0131da Kodeksine uygun ham madde kullanarak sa\u011flamak,<\/p>\n<p>\u2013 Kaliteyi \u00f6l\u00e7\u00fclebilir hale getirmek, verilen hizmetlerle ilgili s\u00fcrekli iyile\u015ftirmenin sa\u011flanmas\u0131 i\u00e7in hedefler belirleyip, \u00e7al\u0131\u015fanlarla y\u00f6netimin birlikteli\u011fini sa\u011flamakt\u0131r.<\/p>\n<h3><strong>\u00c7EVRE \/ \u0130\u015e SA\u011eLI\u011eI VE G\u00dcVENL\u0130\u011e\u0130 POL\u0130T\u0130KAMIZ<\/strong><\/h3>\n<p>\u2013 Ephesia Hotels olarak, \u00fcr\u00fcn ve hizmetlerini ger\u00e7ekle\u015ftirirken; \u00c7al\u0131\u015fanlar\u0131m\u0131z\u0131n, ziyaret\u00e7ilerimizin, ta\u015feronlar\u0131m\u0131z\u0131n, \u00e7evremizin refah, sa\u011fl\u0131k ve g\u00fcvenlik ihtiya\u00e7lar\u0131n\u0131 m\u00fcmk\u00fcn olan en \u00fcst d\u00fczeyde kar\u015f\u0131layabilmek i\u00e7in;<\/p>\n<p>\u2013 \u0130\u015f Sa\u011fl\u0131\u011f\u0131 ve G\u00fcvenli\u011fi \/ \u00c7evre Y\u00f6netim Sistemini kurmay\u0131, s\u00fcrd\u00fcrmeyi ve s\u00fcrekli geli\u015ftirmeyi,<\/p>\n<p>\u2013 \u0130\u015f Sa\u011fl\u0131\u011f\u0131 ve G\u00fcvenli\u011fi \/ \u00c7evre konusundaki performans\u0131m\u0131z\u0131 en \u00fcst d\u00fczeye getirmeyi,<\/p>\n<p>\u2013 T\u00fcm \u00e7al\u0131\u015fanlar\u0131m\u0131zla birlikte beceri, tecr\u00fcbe ve bilgilerimizi s\u00fcrekli art\u0131rabilmek i\u00e7in e\u011fitimler ger\u00e7ekle\u015ftirmeyi,<\/p>\n<p>\u2013 Ta\u015feronlar\u0131m\u0131z\u0131, birlikte \u00e7al\u0131\u015ft\u0131\u011f\u0131m\u0131z tedarik\u00e7ileri ve ziyaret\u00e7ilerimizi \u0130\u015f Sa\u011fl\u0131\u011f\u0131 ve G\u00fcvenli\u011fi \/ \u00c7evre Y\u00f6netim Sistemimiz hakk\u0131nda bilgilendirerek bu konudaki uyumumuzu artt\u0131rmay\u0131,<\/p>\n<p>\u2013 \u00c7evreye verdi\u011fimiz etkileri minimum d\u00fczeye indirerek kirlenmenin \u00f6n\u00fcne ge\u00e7ebilmeyi,<\/p>\n<p>\u2013 \u0130\u015f Sa\u011fl\u0131\u011f\u0131 ve G\u00fcvenli\u011fi ile ilgili kazalar\u0131n, meslek hastal\u0131klar\u0131n\u0131n ve zarar\u0131n olu\u015fmas\u0131n\u0131 engellemeyi,<\/p>\n<p>\u2013 \u0130\u015f Sa\u011fl\u0131\u011f\u0131 ve G\u00fcvenli\u011fi \/ \u00c7evre ile ilgili ulusal mevzuata ve \u00e7al\u0131\u015ft\u0131\u011f\u0131m\u0131z \u00fclkelerin ilgili mevzuatlar\u0131na uymay\u0131, taahh\u00fct etmi\u015ftir. Bu do\u011frultuda ama\u00e7 ve hedeflerimiz belirlenecek ve izlenecektir.<\/p>\n<h3><strong>EPHESIA HOTELS \u0130NSANA BAKI\u015e A\u00c7ISI VE PERSONEL POL\u0130T\u0130KASI<\/strong><\/h3>\n<p>G\u00fczel bir \u00e7al\u0131\u015fma ortam\u0131 yaratarak i\u015fletmenin farkl\u0131 k\u0131l\u0131nmas\u0131,\u00f6d\u00fcllendirilen ve motivasyonlu personel. \u0130yi \u00e7al\u0131\u015fma y\u00f6ntem ve uygulamalar\u0131, i\u015f bilgisi konusunda kaliteli insanlar\u0131n i\u015fe al\u0131nmas\u0131 ve tutulmas\u0131n\u0131n yan\u0131 s\u0131ra, i\u015fe alma ve i\u015fe ba\u015flatma giderlerinin azalmas\u0131, verimlili\u011fin artt\u0131r\u0131lmas\u0131na zemin haz\u0131rlar. Maa\u015flar\u0131n piyasa seviyelerinde olmas\u0131, lojman, k\u0131yafet, yemek, ula\u015f\u0131m gibi ek katk\u0131lar\u0131n \u00e7al\u0131\u015fanlar\u0131m\u0131za sunulmas\u0131 personel politikam\u0131z\u0131n ana unsurlar\u0131d\u0131r. Yeni beceriler kazanmalar\u0131 i\u00e7in olanaklar sa\u011flanmal\u0131: \u00f6rn. dil kurslar\u0131, hizmet i\u00e7i e\u011fitim ve rehberlik programlar\u0131 (Yeni i\u015fe ba\u015flayanlara deneyimli meslekta\u015flar\u0131n\u0131n yol g\u00f6stermesi) vb. Personelin otel faaliyetlerine kat\u0131l\u0131m\u0131n\u0131n sa\u011flan\u0131p olas\u0131 iyile\u015ftirmeler hakk\u0131nda g\u00f6r\u00fc\u015flerinin al\u0131nmas\u0131. Mevsimlik \u00e7al\u0131\u015fanlar\u0131n gelecek y\u0131l geri gelmeleri i\u00e7in te\u015fvik edilmesi. \u0130\u015ften ayr\u0131lan personelle g\u00f6r\u00fc\u015fmeler yap\u0131lmas\u0131. Irk, din, dil, cinsiyet, ya\u015f ayr\u0131m\u0131 yap\u0131lmamas\u0131 \u00a0f\u0131rsat e\u015fitli\u011fi tan\u0131nmas\u0131. Engelli personel istihdam\u0131 sa\u011flanmas\u0131, bayan \u00e7al\u0131\u015fanlara pozitif ayr\u0131mc\u0131l\u0131k yap\u0131lmas\u0131 Ephesia Hoteller\u2019 inin personel politikas\u0131n\u0131n temelini olu\u015fturur.<\/p>\n<h3><strong>\u00c7EVRE \u0130\u00c7\u0130N \u00d6NLEMLER\u0130M\u0130ZDEN BAZILARI<\/strong><\/h3>\n<p>ISO 14001 \u00c7evre Y\u00f6netim Sistemine sahip olan i\u015fletmemizde a\u015fa\u011f\u0131daki \u00e7al\u0131\u015fmalar yap\u0131lmaktad\u0131r. \u201cAYDINLATMANIN VE EK\u0130PMANLARIN ETK\u0130N KULLANILMASI\u201d. B\u00fct\u00fcn ayd\u0131nlatmalar\u0131 ve ekipmanlar\u0131 gerekli olmad\u0131\u011f\u0131nda kapatarak daha az enerji kullan\u0131n, \u00f6mr\u00fcn\u00fc uzat\u0131n, bak\u0131m ihtiyac\u0131n\u0131 azalt\u0131n ve tasarrufedin bilincini yerle\u015ftirmek i\u00e7in e\u011fitimler verildi.<\/p>\n<ul>\n<li>ENERJ\u0130 TASARRUFLU AMPULLER KULLANILMASI<\/li>\n<li>\u00a0KUMANDALI ENERJ\u0130 KULLANIMI UYGULANMASI<\/li>\n<li>\u00a0D\u00dc\u015e\u00dcK DEB\u0130L\u0130 DU\u015e KULLANILMASI<\/li>\n<li>\u00a0MUSLUKLARIN DEB\u0130S\u0130N\u0130N AZALTILMASI<\/li>\n<li>\u00a0HAVLULARI VE YATAK TAKIMLARINI TEKRAR KULLANILMASI HAKKINDA UYARILAR OLMASI.<\/li>\n<li>\u00a0TUVALETLERDE D\u00dcZENL\u0130 BAKIM YAPILMASI<\/li>\n<li>\u00a0TEDAR\u0130K\u00c7\u0130LER \u0130LE \u00c7ALI\u015eILMASI<\/li>\n<li>\u00a0ATIK Y\u00d6NET\u0130M\u0130 UYGULANMASI<\/li>\n<\/ul>\n<p>Toptan sat\u0131n al\u0131m; m\u00fcmk\u00fcn olan \u00fcr\u00fcnlerde tek kullan\u0131ml\u0131k \u00fcr\u00fcn yerine d\u00f6kme \u00fcr\u00fcn kullan\u0131lmas\u0131,; tek kullan\u0131ml\u0131k plastik bardak yerine enaz\u0131ndan ka\u011f\u0131t barda\u011f\u0131n tercih edilmesi; odalar\u0131n banyolar\u0131nda tekrar doldurulabilir kutu, \u015fi\u015fe vb. hediyelikler kullan\u0131lmaya \u00e7al\u0131\u015f\u0131lmaktad\u0131r.<\/p>\n<h3><strong>GER\u0130 D\u00d6N\u00dc\u015e\u00dcME VER\u0130LENLER\u00ad<\/strong><\/h3>\n<p>Ka\u011f\u0131t ve karton, cam, plastik, metal (al\u00fcminyum, demir, bak\u0131r, pirin\u00e7)at\u0131klar\u0131, M\u00fc\u015fterilerin at\u0131klar\u0131n\u0131n da olabildi\u011fince geri d\u00f6n\u00fc\u015f\u00fcme verilebilmesi i\u00e7in tesisin \u00e7e\u015fitli yerlerine geri d\u00f6n\u00fc\u015f\u00fcm kutular\u0131 konulmu\u015ftur.<\/p>\n<h3><strong>POZ\u0130T\u0130F PLANLAMA<\/strong><\/h3>\n<p>Binalar\u0131n d\u0131\u015f cephe yal\u0131t\u0131mlar\u0131n\u0131n yap\u0131lmas\u0131.<\/p>\n<p>&nbsp;<\/p>\n<h3><strong>\u0130KL\u0130M DE\u011e\u0130\u015e\u0130M\u0130 VE TUR\u0130ZM<\/strong><\/h3>\n<p>Oteller ve di\u011fer konaklama i\u015fletmeleri yerel halk\u0131n turizmden b\u00fct\u00fcn\u00fcyle faydalanmas\u0131nda \u00e7ok \u00f6nemli bir rol oynar: yerel halka adil \u00e7al\u0131\u015fma olanaklar\u0131 sa\u011flayabilir ya da yaln\u0131zca yerel \u00fcr\u00fcn ve hizmet sat\u0131n almaya \u00f6zen g\u00f6sterebilir (Bu ayr\u0131ca hava ta\u015f\u0131mac\u0131l\u0131\u011f\u0131 y\u00fck\u00fcn\u00fc de azalt\u0131r). Turizm i\u015fletmeleri, faaliyetlerinin \u00e7evreye etkisini en aza indirmek ve atmosfere karbon sal\u0131n\u0131mlar\u0131n\u0131 azaltmak i\u00e7inde ellerinden geleni yapmal\u0131d\u0131r. Biz bunun i\u00e7in her iki tesisimizde de G\u00fcne\u015f Enerjisi kullanmaktay\u0131z, a\u011fa\u00e7 dikimleri yapmaktay\u0131z,bacalar\u0131m\u0131z\u0131n temizli\u011fi ve bak\u0131m\u0131n\u0131 ve kontrollerini yapt\u0131rmaktay\u0131z, emisyon \u00f6l\u00e7\u00fcmlerini yapt\u0131rarak \u00e7evre iznimizi alm\u0131\u015f bulunmaktay\u0131z. \u00c7evreye zarar vermemek i\u00e7in gerekli \u00f6nlemleri alarak \u00e7al\u0131\u015fma gere\u011fi prensibine sahibiz.<\/p>\n<h3><strong>MAV\u0130 BAYRAK<\/strong><\/h3>\n<p>Deniz suyu kontrol\u00fc yap\u0131lan tesislerimizde Mavi Bayrakl\u0131 Plaj unvan\u0131 bulunmaktad\u0131r.<\/p>\n<p>&nbsp;<\/p>\n<h3><strong>TEM\u0130ZL\u0130K MALZEMELER\u0130<\/strong><\/h3>\n<p>Do\u011fada \u00e7\u00f6z\u00fcnebilir temizlik malzemeleri kullan\u0131lmaktad\u0131r.<\/p>\n<h3><strong>\u00c7OCUK KORUMA POL\u0130T\u0130KASI<\/strong><\/h3>\n<p>UNICEF taraf\u0131ndan beyan edildi\u011fi \u015fekilde \u00e7ocuk haklar\u0131n\u0131 desteklemekteyiz.<\/p>\n<p>\u2013 Sa\u011fl\u0131k,<br \/>\n\u2013 E\u011fitim,<br \/>\n\u2013 Tarafs\u0131zl\u0131k,<br \/>\n\u2013 S\u00f6z Hakk\u0131,<br \/>\n\u2013 Cinsel \u0130stismar,<br \/>\n\u2013 \u015eiddet<\/p>\n<p>ba\u015fl\u0131klar\u0131nda hassasiyetimiz y\u00fcksektir.<\/p>\n<h3><strong>SATINALMA POL\u0130T\u0130KASI<\/strong><\/h3>\n<p>\u00dcr\u00fcn sat\u0131n al\u0131rken, fiyat ve kalite a\u00e7\u0131s\u0131ndan \u00e7ok \u00f6nemli bir fark olmad\u0131\u011f\u0131 s\u00fcrece s\u00fcrd\u00fcr\u00fclebilir hizmet ve varolu\u015f anlay\u0131\u015f\u0131 \u00e7er\u00e7evesinde a\u015fa\u011f\u0131daki \u00f6zelliklere sahip olanlar\u0131n aray\u0131p se\u00e7ilmesi sat\u0131n alma politikas\u0131 i\u00e7inde yer almaktad\u0131r:<\/p>\n<p>\u2013\u00a0Geri d\u00f6n\u00fc\u015ft\u00fcr\u00fclm\u00fc\u015f \u00fcr\u00fcnlerden yap\u0131lanlar veya geri d\u00f6n\u00fc\u015ft\u00fcr\u00fclebilir olanlar.<\/p>\n<p>\u2013\u00a0S\u00fcrd\u00fcr\u00fclebilir \u015fekilde \u00fcretilmi\u015f\/s\u00fcrd\u00fcr\u00fclebilir kaynaklardan sa\u011flanm\u0131\u015f<\/p>\n<p>\u2013\u00a0Adil Ticaret \/ Organik \/FSC \/ MSC vs<\/p>\n<p>\u2013\u00a0Daha az ambalajla teslim eden<\/p>\n<p>\u2013\u00a0Enerji ve su tasarrufu sa\u011flayan<\/p>\n<p>\u2013\u00a0\u00c7evre a\u00e7\u0131s\u0131ndan s\u00fcrd\u00fcr\u00fclebilir<\/p>\n<p>\u2013\u00a0Yerel \u00fcreticiler ve yerel \u00fcr\u00fcnler tercih edilerek b\u00f6lge halk\u0131n\u0131n kalk\u0131nd\u0131r\u0131lmas\u0131,b\u00f6lge \u00fcr\u00fcn\u00fcn tan\u0131t\u0131lmas\u0131, daha az nakliye, daha az hava kirlili\u011fi ve s\u00fcrd\u00fcr\u00fclebilir hizmet ve geli\u015fim sa\u011flan\u0131r.<\/p>\n<h3><strong>GEL\u0130\u015e\u0130M RAPORUMUZDAN \u00d6RNEK \u00c7ALI\u015eMALAR<\/strong><\/h3>\n<p>\u2013 Alt\u0131n G\u00fcvercin Festivalinde Yar\u0131\u015fma Ekibi Konaklamalar\u0131n\u0131 son 4 y\u0131ld\u0131r tesislerimiz kar\u015f\u0131l\u0131yor.<\/p>\n<p>\u2013 E\u011fitime destek vermek i\u00e7in de\u011fi\u015fik \u00e7al\u0131\u015fmalar yap\u0131yoruz.<\/p>\n<p>\u2013 Her iki tesisimizde de misafirlerimize tan\u0131tmak amac\u0131yla B\u00fcy\u00fck \u00d6nder Atat\u00fcrk Hakk\u0131nda bilgilendirme panolar\u0131m\u0131z yer almaktad\u0131r.<\/p>\n<p>\u2013 TUI Blue Star Otelleri aras\u0131nda en yenilik\u00e7i s\u00fcrd\u00fcr\u00fclebilir geli\u015fim g\u00f6steren otel olarak se\u00e7ilip \u00f6d\u00fcllendirildik.<\/p>\n<p>\u2013 Mavi Bayrak etkinlik g\u00fcn\u00fcne animasyon ekibimizle destek verdik.<\/p>\n<p>\u2013 Gelen t\u00fcm misafirlerimize y\u00f6reyi tan\u0131t\u0131c\u0131 bilgi veriyoruz ve onlar\u0131 geziye y\u00f6nlendiriyoruz. Bunun i\u00e7in her iki tesisimizde resepsiyon ve lobi alan\u0131nda LCD TV lerde d\u00f6nen \u00e7evre tan\u0131t\u0131m bilgilendirmeleri d\u00f6nmektedir. Ayr\u0131ca bu bilgilendirme odalar\u0131m\u0131zda TV lerde 1. kanallarda da d\u00f6nmektedir.<\/p>\n<p>\u2013 Organik tar\u0131m\u0131 desteklemek i\u00e7in ilkokullar ile \u00e7al\u0131\u015fmam\u0131z mevcut.<\/p>\n<p>\u2013 Tesislerimizde sahipsiz k\u00f6pekler i\u00e7in k\u00f6pek evi ba\u011f\u0131\u015f kutusu bulunmaktad\u0131r.<\/p>\n<p>\u2013 Her iki tesisimizde de \u0130\u015f g\u00fcvenli\u011fi Uzman\u0131 istihdam edilmektedir ve OHSAS 18001 Kalite Sistemimiz mevcuttur.<\/p>\n<p>\u2013 Travelife E\u011fitimlerine kat\u0131lan Kalite M\u00fcd\u00fcr\u00fcm\u00fcz t\u00fcm y\u00f6neticilerimize ve personelimize video g\u00f6rselleri ile e\u011fitimler vermi\u015ftir.<\/p>\n<p>\u2013 3 y\u0131ld\u0131r \u00fcst\u00fcste Ba\u011f\u0131ms\u0131z D\u0131\u015f Denetim Firmam\u0131z SAI den denetim puan\u0131m\u0131z her sezon 3 d\u00f6nem \u00fcst \u00fcste 85 puan \u00fczeri oldu\u011fundan , her iki tesisimiz de Great Diamond Sertifikas\u0131 Almaya hak kazanm\u0131\u015ft\u0131r.<\/p>\n<p>\u2013 Otel Puan.com \u2018dan 2 y\u0131l \u00fcst \u00fcste bronz \u00f6d\u00fcl\u00fcm\u00fcz, Zoover, Tripadvisor\u2019dan \u00e7ok iy, iyi ve de m\u00fckemmel dereceli sertifikalar\u0131m\u0131z mevcuttur.<\/p>\n<p>\u2013 Tesislerimizde ISO 9001\u00ad2001 \/ISO 10002 \/ISO 14001 \/ ISO 18001 \/ISO 22000 sistemleri kuruludur ve sertifikalar\u0131 mevcuttur.<\/p>\n<p>\u2013 Ephesia Hotels \u00e7al\u0131\u015fanlar\u0131 g\u00f6n\u00fcll\u00fcleri K\u0131z\u0131lay\u2019a kan ba\u011f\u0131\u015f\u0131nda bulunmu\u015ftur.<\/p>\n<p>\u2013 Tesisimizde yerel lezzetler misafirlerimize tatt\u0131r\u0131lmaktad\u0131r. Hatta gezer limonatac\u0131 \u00f6rne\u011finde oldu\u011fu gibi ge\u00e7mi\u015fteki geleneksel k\u0131yafet ile sunum yap\u0131lmaktad\u0131r.<\/p>\n<p>\u2013 \u0130stihdam Fuar\u0131na kat\u0131larak b\u00f6lgedeki i\u015fsizlerin istihdam edilmesine katk\u0131da bulunduk.<\/p>\n<p>\u2013 Tesisimiz i\u00e7inde meyve sebze bah\u00e7esi olu\u015fturduk. Bu bah\u00e7ede domates,biber, patl\u0131can, salatal\u0131k mevcuttur. Bunun haricinde otelimizde incir, dut, kay\u0131s\u0131, mandalin, zeytin, muz a\u011fa\u00e7lar\u0131 mevcuttur. Bu otelimizi ziyaret edenlere de dal\u0131nda meyveyi g\u00f6rme dokunma deneyimi ya\u015fatarak \u00f6zellikle \u00e7ocuk misafirlerimiz i\u00e7in do\u011fay\u0131 tan\u0131ma f\u0131rsat\u0131 da yaratmaktad\u0131r.<\/p>\n<p>\u2013 Ge\u00e7ti\u011fimiz y\u0131llarda Ephesia Holiday Beach Club\u2019a g\u00fcne\u015f enerjisi sistemi kuruldu. Ayr\u0131ca Ephesia Resort Hotel\u2019de su \u0131s\u0131tma i\u00e7in kullan\u0131lan \u0131s\u0131n\u0131n %90 \u2019 \u0131 2003\u2032 den beri g\u00fcne\u015f enerjisinden kullan\u0131lmaktad\u0131r.<\/p>\n<p>\u2013 Tema Vakf\u0131 ile \u00e7al\u0131\u015farak A\u011fa\u00e7 dikimi yapt\u0131k.<\/p>\n<p>\u2013 \u00c7evresel Etkinlik anketleri haz\u0131rlad\u0131k ve bunlar\u0131n bas\u0131m\u0131n\u0131 geri d\u00f6n\u00fc\u015f\u00fcmden elde edilen ka\u011f\u0131tlara yapt\u0131k. Bu anketlerde hem uygulamalar\u0131m\u0131zla hem de \u00e7evreyi koruma konusundaki hassasiyetimizle \u00a0misafirlerimizde fak\u0131ndal\u0131k yaratt\u0131k. Birlikte hareket edebilme olana\u011f\u0131 yaratm\u0131\u015f olduk.<\/p>\n<p>\u2013 \u00c7evre E\u011fitimleri her iki tesisimizde de t\u00fcm personelimize verilmi\u015ftir.<\/p>\n<p>\u2013 Kimyasal at\u0131k bula\u015fm\u0131\u015f ambalajlar lisansl\u0131 firmalara verilerek bertaraf edilmektedir.<\/p>\n<p>\u2013 Plaj\u0131m\u0131zda Mavi bayra\u011f\u0131m\u0131z mevcuttur. Mavi Bayrak Panomuz Mevcuttur ve baz\u0131 bilgilendirmeleri bu pano \u00fczerinde yapmaktay\u0131z.<\/p>\n<h3><strong>KAL\u0130TE POL\u0130T\u0130KAMIZ<\/strong><\/h3>\n<p>\u2013 Plaj \u00e7evresini g\u00fcnl\u00fck temizliyoruz.<\/p>\n<p>\u2013 \u00c7evresel \u0130la\u00e7lama yap\u0131l\u0131rken faydal\u0131 t\u00fcrlerin (BAL ARILARI gibi) zarar g\u00f6rmemesi i\u00e7in \u00f6zel ilgi g\u00f6steriyoruz.<\/p>\n<p>\u2013 Su t\u00fcketiminin \u00f6nemine dikkat \u00e7ekmek isteyen g\u00f6n\u00fcll\u00fc gruba arazimiz \u00e7ad\u0131r kurup kamp yapmalar\u0131 i\u00e7in tahsis edilmi\u015ftir.<\/p>\n<p>\u2013 \u0130stihdam i\u00e7in \u0130\u015eKUR ile ortak \u00e7al\u0131\u015farak tesisimiz e\u011fitim yeri haline getirilerek \u0130\u015e\u00adKUR\u2019un y\u00f6nlendirdi\u011fi ki\u015filere turizm sekt\u00f6r\u00fcnde i\u015f sahibi olmalar\u0131 i\u00e7in uygulamal\u0131 e\u011fitim verilmi\u015ftir.<\/p>\n<p>\u2013 T\u00fcm personele \u00e7e\u015fitli e\u011fitimler verilmi\u015ftir.<\/p>\n<p>\u2013 K\u00f6pek evine yiyecek art\u0131klar\u0131 g\u00f6nderilmektedir.<\/p>\n<p>\u2013 Ku\u015fadas\u0131 tan\u0131t\u0131m\u0131na katk\u0131da bulunmak i\u00e7in cityguide haz\u0131rlanm\u0131\u015ft\u0131r.<\/p>\n<p>\u2013 Y\u00f6remizin tan\u0131t\u0131m\u0131 i\u00e7in festivaller d\u00fczenlemekteyiz (K\u0130RAZ FEST\u0130VAL\u0130\u00ad-\u015eEFTAL\u0130 FEST\u0130VAL\u0130\u00ad-KARPUZ FEST\u0130VAL\u0130\u00ad-\u00dcZ\u00dcM FEST\u0130VAL\u0130 gibi)<\/p>\n<p>\u2013 Y\u00f6remizin tan\u0131t\u0131m\u0131 i\u00e7in gala geceleri, y\u00f6resel yemekler, m\u00fczik g\u00f6sterileri ve T\u00fcrk Geceleri ger\u00e7ekle\u015ftiriliyor.<\/p>\n<p>\u2013 Yine \u00f6zel gecelerde, kost\u00fcml\u00fc eski limonatac\u0131lar, lokmac\u0131lar, \u00e7i\u011f k\u00f6fteciler, ha\u015flanm\u0131\u015f m\u0131s\u0131r gibi bize has \u00fcr\u00fcnler tan\u0131t\u0131m\u0131 yap\u0131l\u0131yor.<\/p>\n<p>\u2013 Y\u00f6remize \u00f6zel EGE K\u00f6\u015fesinde yiyecekler sunuluyor kumru, tulum peyniri zeytinya\u011f\u0131 \u00f6zel bal gibi sunumu ve bilgilendirmesi de ayr\u0131ca yap\u0131l\u0131yor misafirlerimize.<\/p>\n<p>\u2013 EKODOSD\u2019a Kurumsal \u00fcye olunmu\u015ftur.<\/p>\n<p>\u2013 Enerji ve su t\u00fcketiminin azalt\u0131lmas\u0131 i\u00e7in \u00e7al\u0131\u015fmalar yap\u0131yor e\u011fitimler veriyor ekipmanlar\u0131m\u0131z\u0131 bu prensibe g\u00f6re al\u0131yoruz. Ayr\u0131ca yerel \u00fcreticilerden tedari\u011fe \u00e7al\u0131\u015farak yine hem b\u00f6lgenin kalk\u0131nmas\u0131na hem de nakliyenin ve dolay\u0131s\u0131yla da \u00a0hava kirlili\u011finin \u00f6nlenmesine katk\u0131da bulunmaya \u00e7al\u0131\u015f\u0131yoruz.<\/p>\n","protected":false},"excerpt":{"rendered":"<p>\u2013 \u0130lk ve her seferinde do\u011fru yapmak,&#8230;<\/p>\n","protected":false},"author":1,"featured_media":430,"parent":0,"menu_order":0,"comment_status":"closed","ping_status":"closed","template":"","meta":{"_acf_changed":false,"inline_featured_image":false,"footnotes":""},"class_list":["post-554","page","type-page","status-publish","has-post-thumbnail","hentry"],"acf":[],"_links":{"self":[{"href":"https:\/\/ephesiahotel.com\/beach\/wp-json\/wp\/v2\/pages\/554","targetHints":{"allow":["GET"]}}],"collection":[{"href":"https:\/\/ephesiahotel.com\/beach\/wp-json\/wp\/v2\/pages"}],"about":[{"href":"https:\/\/ephesiahotel.com\/beach\/wp-json\/wp\/v2\/types\/page"}],"author":[{"embeddable":true,"href":"https:\/\/ephesiahotel.com\/beach\/wp-json\/wp\/v2\/users\/1"}],"replies":[{"embeddable":true,"href":"https:\/\/ephesiahotel.com\/beach\/wp-json\/wp\/v2\/comments?post=554"}],"version-history":[{"count":1,"href":"https:\/\/ephesiahotel.com\/beach\/wp-json\/wp\/v2\/pages\/554\/revisions"}],"predecessor-version":[{"id":555,"href":"https:\/\/ephesiahotel.com\/beach\/wp-json\/wp\/v2\/pages\/554\/revisions\/555"}],"wp:featuredmedia":[{"embeddable":true,"href":"https:\/\/ephesiahotel.com\/beach\/wp-json\/wp\/v2\/media\/430"}],"wp:attachment":[{"href":"https:\/\/ephesiahotel.com\/beach\/wp-json\/wp\/v2\/media?parent=554"}],"curies":[{"name":"wp","href":"https:\/\/api.w.org\/{rel}","templated":true}]}}