{"id":556,"date":"2025-04-07T17:16:18","date_gmt":"2025-04-07T14:16:18","guid":{"rendered":"https:\/\/ephesiahotel.com\/beach\/?page_id=556"},"modified":"2025-04-07T17:16:18","modified_gmt":"2025-04-07T14:16:18","slug":"gizlilik-sozlesmesi","status":"publish","type":"page","link":"https:\/\/ephesiahotel.com\/beach\/gizlilik-sozlesmesi\/","title":{"rendered":"Gizlilik S\u00f6zle\u015fmesi"},"content":{"rendered":"<h2><u>WEB S\u0130TES\u0130 G\u0130ZL\u0130L\u0130K S\u00d6ZLE\u015eMES\u0130<\/u><\/h2>\n<p>\u0130\u015fbu Gizlilik Politikas\u0131nda belirtilen \u015fartlar, web sitemizi ziyaretiniz s\u0131ras\u0131nda sundu\u011fumuz hizmetlerden yararlanma noktas\u0131nda ve talep etti\u011finiz hizmetlere ili\u015fkin olarak elde etti\u011fimiz bilgilerin ne \u015fekilde kullan\u0131laca\u011f\u0131 ve korunaca\u011f\u0131na y\u00f6nelik olup, sitemizi ziyaret etmek ve bu site vas\u0131tas\u0131yla sundu\u011fumuz hizmetlerden yararlanmay\u0131 talep etmekle i\u015fbu \u201cGizlilik Politikas\u0131\u201d nda belirtilen \u015fartlar\u0131 kabul etmektesiniz. \u201cGizlilik politikam\u0131z\u201d ulusal ve uluslar aras\u0131 evrensel hukuk kurallar\u0131 ile ba\u011fda\u015fmakta olup, siz de\u011ferli ziyaret\u00e7ilerimizin ki\u015fisel verilerinin korunmas\u0131n\u0131, korunma kapsam\u0131 ve kullan\u0131m alan\u0131n\u0131n belirlenmesini hedeflemektedir.<\/p>\n<p><strong>Gizlilik\/Ki\u015fisel Verilerin Korunmas\u0131 Politikas\u0131n\u0131n ve \u0130leti\u015fim \u0130zninin Amac\u0131<\/strong><br \/>\nBu Gizlilik\/Ki\u015fisel Verilerin Korunmas\u0131 Politikas\u0131 ve \u0130leti\u015fim \u0130zni;<\/p>\n<ol>\n<li>\u0130\u00e7erik ve Yer Sa\u011flay\u0131c\u0131s\u0131 oldu\u011fumuz i\u015f bu internet sitesinin (\u201chttps:\/\/ephesiahotel.com\u201d) ne t\u00fcr ki\u015fisel veriler toplad\u0131\u011f\u0131n\u0131,<\/li>\n<\/ol>\n<p>b. \u00a0 Bu ki\u015fisel verilerin nas\u0131l kullan\u0131ld\u0131\u011f\u0131n\u0131,<\/p>\n<p>c. \u0130nternet Sitesi\u2019nin ki\u015fisel verilerinizi kimlerle payla\u015fabilece\u011fini,<\/p>\n<p>d. \u0130nternet Sitesi\u2019nin i\u015fledi\u011fi ki\u015fisel verileriniz \u00fczerindeki haklar\u0131n\u0131z\u0131n neler oldu\u011funu ve bu haklar\u0131 nas\u0131l kullanabilece\u011finizi,<\/p>\n<p>e. \u00c7erez\u2019ler (Cookie) hakk\u0131nda bilgilendirmeyi ve<\/p>\n<p>f. Ticari elektronik ileti alma konusundaki olumlu veya olumsuz tercihlerinizi nas\u0131l de\u011fi\u015ftirebilece\u011finizi a\u00e7\u0131klamaktad\u0131r.<\/p>\n<p>&nbsp;<\/p>\n<h2><strong>Bilgilerin Kullan\u0131lmas\u0131 ve Korunmas\u0131<\/strong><\/h2>\n<p>Ephesia Otelleri ve Esen Turizm A.\u015e. ad\u0131 alt\u0131nda varl\u0131k g\u00f6steren di\u011fer \u015firketler, m\u00fc\u015fterilerine daha iyi hizmet verebilmek amac\u0131yla baz\u0131 ki\u015fisel bilgilerinizi (isim, soy isim, ya\u015f, e-posta, telefon vb. .. \u00a0) sizlerden talep etmektedir.<\/p>\n<p>Ephesia Otelleri ve Esen Turizm A.\u015e. ile e-mail, online chat, ileti\u015fim formlar\u0131 ve t\u00fcm kanallardan yapaca\u011f\u0131n\u0131z yaz\u0131\u015fmalar kay\u0131t alt\u0131na al\u0131nmaktad\u0131r. Ki\u015fisel bilgileriniz ve IP adresiniz kay\u0131t alt\u0131nda tutulmaktad\u0131r.<\/p>\n<p>Toplanan bu ki\u015fisel bilgilerden elde edilebilecek istatistik veriler (taray\u0131c\u0131 tipi, co\u011frafi konum, ya\u015f, cinsiyet, vb.), d\u00f6nemsel kampanya \u00e7al\u0131\u015fmalar\u0131, e-b\u00fclten \u00e7al\u0131\u015fmalar\u0131, m\u00fc\u015fteri profillerine y\u00f6nelik \u00f6zel promosyon faaliyetlerinin kurgulanmas\u0131 ve istenmeyen e-postalar\u0131n iletilmemesine y\u00f6nelik m\u00fc\u015fteri \u201cs\u0131n\u0131fland\u0131rma\u201d \u00e7al\u0131\u015fmalar\u0131nda Ephesia Otelleri ve Esen Turizm A.\u015e. ad\u0131 alt\u0131nda varl\u0131k g\u00f6steren di\u011fer \u015firketler b\u00fcnyesinde kullan\u0131lmaktad\u0131r.<\/p>\n<p>Ephesia Otelleri ve Esen Turizm A.\u015e. ad\u0131 alt\u0131nda varl\u0131k g\u00f6steren di\u011fer \u015firketler, \u00fcyelik formlar\u0131ndan toplad\u0131\u011f\u0131 bilgileri, s\u00f6z konusu \u00fcyenin haberi ya da aksi bir talimat\u0131 olmaks\u0131z\u0131n, \u00fc\u00e7\u00fcnc\u00fc \u015fah\u0131slarla kesinlikle payla\u015fmamakta, faaliyet d\u0131\u015f\u0131 hi\u00e7bir nedenle ticari ama\u00e7la kullanmamakta ve de satmamaktad\u0131r.<\/p>\n<p>Ephesia Otelleri ve Esen Turizm A.\u015e. ad\u0131 alt\u0131nda varl\u0131k g\u00f6steren di\u011fer \u015firketler, e-posta adresleri ve \u00fcyelik formlar\u0131nda istedi\u011fi ki\u015fisel bilgilerin haricinde site kullan\u0131m\u0131 s\u0131ras\u0131nda izledi\u011fi, ziyaret\u00e7i hareket ve tercihlerini analiz ederek yorumlamaktad\u0131r. Ki\u015fisel bilgiler i\u00e7ermeyen bu istatistiksel veriler, misafirlere daha \u00f6zel ve etkin bir rezervasyon deneyimi ya\u015fatmak amac\u0131yla kullan\u0131lmaktad\u0131r.<\/p>\n<p>Ephesia Otelleri ve Esen Turizm A.\u015e. e-b\u00fclten listesinden ayr\u0131lmak istiyorsan\u0131z, e-b\u00fcltenin en alt b\u00f6l\u00fcm\u00fcnde bulunan \u201cbu b\u00fclteni bir daha almak istemiyorsan\u0131z buraya t\u0131klay\u0131n\u0131z.\u201d linkine t\u0131klayabilirsiniz.<\/p>\n<p>M\u00fc\u015fteri bilgileri, ancak resmi makamlarca usul\u00fc dairesinde bu bilgilerin talep edilmesi halinde ve y\u00fcr\u00fcrl\u00fckteki emredici mevzuat h\u00fck\u00fcmleri gere\u011fince resmi makamlara a\u00e7\u0131klama yapmak zorunda oldu\u011fu durumlarda resmi makamlara a\u00e7\u0131klanabilecektir.<\/p>\n<p>M\u00fc\u015fterinin sisteme girdi\u011fi t\u00fcm bilgilere sadece M\u00fc\u015fteri ula\u015fabilmekte ve bu bilgileri sadece M\u00fc\u015fteri de\u011fi\u015ftirebilmektedir. Bir ba\u015fkas\u0131n\u0131n bu bilgilere ula\u015fmas\u0131 ve bunlar\u0131 de\u011fi\u015ftirmesi m\u00fcmk\u00fcn de\u011fildir.<\/p>\n<p>\u00d6deme sayfas\u0131nda istenen kredi kart\u0131 bilgileriniz, siteden al\u0131\u015fveri\u015f yapan misafirlerimizin g\u00fcvenli\u011fini en \u00fcst seviyede tutmak amac\u0131yla 3D Secure uygulamas\u0131 ile al\u0131nmaktad\u0131r. Bu \u015fekilde \u00f6demeye y\u00f6nelik t\u00fcm i\u015flemlerin http:\/\/ephesiahotel.com\/ ara y\u00fcz\u00fc \u00fczerinden banka ve bilgisayar\u0131n\u0131z aras\u0131nda ger\u00e7ekle\u015fmesi sa\u011flanmaktad\u0131r. Ancak buna ra\u011fmen g\u00fcvenlik ile ilgili konularda bir garanti verememektedir.<\/p>\n<p>\u0130nternetin yap\u0131s\u0131 gere\u011fi bilgiler internet \u00fczerinde yeterli g\u00fcvenlik \u00f6nlemleri olmas\u0131na ra\u011fmen dola\u015fabilir ve yetkili olmayan ki\u015filer taraf\u0131ndan al\u0131n\u0131p kullan\u0131labilir. Bu kullan\u0131m ve kullan\u0131mdan do\u011facak zarar Ephesia Otelleri ve Esen Turizm A.\u015e. ad\u0131 alt\u0131nda varl\u0131k g\u00f6steren di\u011fer \u015firketlerin sorumlulu\u011funda de\u011fildir. Toplanan bilgiler genel kullan\u0131ma a\u00e7\u0131k olmayan g\u00fcvenli bir ortamda saklan\u0131r.<\/p>\n<p>&nbsp;<\/p>\n<h2><strong>Ki\u015fisel Verilerinizle \u0130lgili Haklar\u0131n\u0131z<\/strong><\/h2>\n<p>\u0130\u015flenen ki\u015fisel verilerinizin neler oldu\u011funu, i\u015fleme amac\u0131 do\u011frultusunda kullan\u0131l\u0131p kullan\u0131lmad\u0131\u011f\u0131n\u0131, yurt i\u00e7i veya yurt d\u0131\u015f\u0131nda ki\u015fisel verilerin aktar\u0131ld\u0131\u011f\u0131 \u00fc\u00e7\u00fcnc\u00fc ki\u015fileri \u00f6\u011frenmeyi, eksik veya yanl\u0131\u015f i\u015flenen ki\u015fisel verileriniz s\u00f6z konusu ise veya i\u015flenen ki\u015fisel verilerinizde herhangi bir de\u011fi\u015fiklik olmas\u0131 durumunda bu verilerinizi de\u011fi\u015ftirmeyi, g\u00fcncellemeyi ve\/veya silmeyi, bu durumun ki\u015fisel verilerinizin aktar\u0131ld\u0131\u011f\u0131 \u00fc\u00e7\u00fcnc\u00fc ki\u015filere bildirilmesini talep edebilirsiniz. Bu durumda haklar\u0131n\u0131z\u0131 info@ peninsulagrouphotels.com adresine mail atarak kullanabilirsiniz. \u00dcyelik hesab\u0131n\u0131z\u0131n bulunmad\u0131\u011f\u0131 durumlar bak\u0131m\u0131ndan ise ki\u015fisel verileriniz KVKK mad. 28\/f.1,b ve f.2,b ve 5651 say\u0131l\u0131 \u0130nternet Ortam\u0131nda Yap\u0131lan Yay\u0131nlar\u0131n D\u00fczenlenmesi ve Bu Yay\u0131nlar Yoluyla \u0130\u015flenen Su\u00e7larla M\u00fccadele Edilmesi Hakk\u0131nda Kanun uyar\u0131nca yasal olarak tutulmaktad\u0131r.<\/p>\n<h3><strong><u>Ki\u015fisel Veri Saklama S\u00fcresi<\/u><\/strong><\/h3>\n<p>6563 Say\u0131l\u0131 Elektronik Ticaretin D\u00fczenlenmesi Hakk\u0131nda Kanun uyar\u0131nca; onay\u0131n geri al\u0131nd\u0131\u011f\u0131na dair kay\u0131tlar bu tarihten itibaren 1 y\u0131l, ticari elektronik iletinin i\u00e7eri\u011fi ve g\u00f6nderiye dair di\u011fer her t\u00fcrl\u00fc kay\u0131t ise gerekli g\u00f6r\u00fclen durumlarda Bakanl\u0131\u011fa sunulmak \u00fczere 3 y\u0131l saklanacakt\u0131r. S\u00fcre ge\u00e7tikten sonra ki\u015fisel verileriniz taraf\u0131m\u0131zca veya talebiniz \u00fczerine silinir, yok edilir veya anonim hale getirilir. Ayr\u0131ca 5651 Say\u0131l\u0131 \u0130nternet Ortam\u0131nda Yap\u0131lan Yay\u0131nlar\u0131n D\u00fczenlenmesi ve Bu Yay\u0131nlar Yoluyla \u0130\u015flenen Su\u00e7larla M\u00fccadele Edilmesi Hakk\u0131nda Kanun uyar\u0131nca i\u015fledi\u011fimiz trafik verileri 2 y\u0131l saklan\u0131r ve s\u00fcre bittikten sonra anonim hale getirilir.<\/p>\n<h3><strong>\u00c7erez (Cookie) Kullan\u0131m\u0131<\/strong><\/h3>\n<p>\u0130nternet Sitesi, ziyaret\u00e7ilerine daha iyi hizmet verebilmek amac\u0131yla ve yasal y\u00fck\u00fcml\u00fcl\u00fc\u011f\u00fc \u00e7er\u00e7evesinde, i\u015f bu Gizlilik\/Ki\u015fisel Verilerin Korunmas\u0131 Politikas\u0131 ve \u0130leti\u015fim \u0130zni ile belirlenen ama\u00e7lar ve kapsam d\u0131\u015f\u0131nda kullan\u0131lmamak \u015fart\u0131 ile gezinme bilgilerinizi toplayacak, i\u015fleyecek, \u00fc\u00e7\u00fcnc\u00fc ki\u015filerle payla\u015fmayacak ve g\u00fcvenli olarak saklayacakt\u0131r. Gezinme bilgilerinizi toplama amac\u0131yla kulland\u0131\u011f\u0131m\u0131z \u00e7erezler (cookie) hakk\u0131nda bilgi, \u0130nternet Sitesi\u2019ni ziyaret etti\u011finiz zaman \u201ca\u00e7\u0131l\u0131r pencere (pop-up ekran)\u201d ile verilecektir. \u00c7erezler, web sitesini ziyaret etti\u011finizde, mobil uygulamas\u0131n\u0131 cep telefonunuza y\u00fckledi\u011finizde veya mobil web \u00fczerinden ba\u011fland\u0131\u011f\u0131n\u0131zda, internet taray\u0131c\u0131n\u0131z taraf\u0131ndan y\u00fcklenen ve bilgisayar\u0131n\u0131z, cep telefonunuz veya tabletinizde saklanan k\u00fc\u00e7\u00fck bilgi par\u00e7ac\u0131klar\u0131n\u0131 i\u00e7eren metin dosyalar\u0131d\u0131r. \u0130nternet Sitesi \u00e7erezleri; g\u00fcnl\u00fck dosyalar\u0131, bo\u015f gif dosyalar\u0131 ve\/veya \u00fc\u00e7\u00fcnc\u00fc taraf kaynaklar\u0131 vas\u0131tas\u0131yla toplad\u0131\u011f\u0131 bilgileri tercihlerinizle ilgili bir \u00f6zet olu\u015fturmak amac\u0131yla depolar. \u0130nternet sitesi taraf\u0131ndan, size \u00f6zel tan\u0131t\u0131m yapmak, promosyonlar ve pazarlama teklifleri sunmak, web sitesinin veya mobil uygulaman\u0131n i\u00e7eri\u011fini size uygun \u015fekilde iyile\u015ftirmek ve\/veya tercihlerinizi belirlemek i\u00e7in; site \u00fczerinde gezinme bilgileriniz ve\/veya site \u00fczerindeki kullan\u0131m ge\u00e7mi\u015finiz izlenebilmektedir. \u0130nternet sitesi, \u00e7evrimi\u00e7i ve \u00e7evrimd\u0131\u015f\u0131 olarak toplanan bilgiler gibi farkl\u0131 y\u00f6ntemlerle veya farkl\u0131 zamanlarda site \u00fczerinde sizden toplanan bilgileri e\u015fle\u015ftirebilir ve bu bilgileri \u00fc\u00e7\u00fcnc\u00fc taraflar gibi ba\u015fka kaynaklardan al\u0131nan bilgilerle birlikte kullanabilir. S\u00f6z konusu e\u015fle\u015ftirme ve kullanma yaln\u0131zca i\u015fbu Gizlilik\/Ki\u015fisel Verilerin Korunmas\u0131 Politikas\u0131 ve \u0130leti\u015fim \u0130zni ile belirlenen ama\u00e7lar ve kapsam dahilinde kalacakt\u0131r.<\/p>\n<h3><strong>\u00c7erez \u00c7e\u015fitleri<\/strong><\/h3>\n<p>\u0130nternet sitesi mobil uygulamas\u0131nda ve mobil web\u2019te oturum \u00e7erezleri ve kal\u0131c\u0131 \u00e7erezler kullan\u0131l\u0131yor. Oturum kimli\u011fi \u00e7erezi, taray\u0131c\u0131n\u0131z\u0131 kapatt\u0131\u011f\u0131n\u0131z anda sona erer. Kal\u0131c\u0131 \u00e7erez ise sabit diskinizde uzun bir s\u00fcre kalmaya devam eder. \u0130nternet taray\u0131c\u0131n\u0131z\u0131n \u201cyard\u0131m\u201d dosyas\u0131nda verilen talimatlar\u0131 izleyerek veya \u201cwww.allaboutcookies.org\u201d ya da \u201cwww.youronlinechoices.eu\u201d adresini ziyaret ederek kal\u0131c\u0131 \u00e7erezleri kald\u0131rabilir ve hem oturum \u00e7erezlerini hem de kal\u0131c\u0131 \u00e7erezleri reddedebilirsiniz. Kal\u0131c\u0131 \u00e7erezleri veya oturum \u00e7erezlerini reddetmi\u015f olsan\u0131z dahi, web sitesini, mobil uygulamay\u0131 ve mobil web\u2019i kullanmaya devam edebilirsiniz, lakin web sitesinin, mobil uygulaman\u0131n ve mobil web\u2019in t\u00fcm i\u015flevlerine eri\u015femeyebilirsiniz veya eri\u015fiminiz s\u0131n\u0131rl\u0131 olabilir.<\/p>\n<h3><strong>\u0130nternet Sitesi \u00c7erezleri Nas\u0131l Kullan\u0131lmaktad\u0131r?<\/strong><\/h3>\n<p>\u0130nternet sitesi \u00e7erezleri;<br \/>\na. Yapt\u0131\u011f\u0131n\u0131z tercihleri hat\u0131rlamak ve web sitesi\/mobil uygulama\/mobil web kullan\u0131m\u0131n\u0131z\u0131 ki\u015fiselle\u015ftirmek i\u00e7in kullan\u0131r. Bu kullan\u0131m:<br \/>\ni. Parolan\u0131z\u0131 kaydeden ve web sitesi\/mobil uygulama\/mobil web oturumunuzun s\u00fcrekli a\u00e7\u0131k kalmas\u0131n\u0131 sa\u011flayan, b\u00f6ylece her ziyaretinizde birden fazla kez parola girme zahmetinden kurtaran \u00e7erezleri ve<br \/>\nii. Web sitesini\/mobil uygulamay\u0131\/mobil webi daha sonra yapm\u0131\u015f oldu\u011funuz ziyaretlerinizde, sizi hat\u0131rlayan ve tan\u0131yan \u00e7erezleri i\u00e7erir.<br \/>\nb. \u0130nternet sitesine nereden ba\u011fland\u0131\u011f\u0131n\u0131z, web sitesi\/mobil uygulama\/mobil web \u00fczerinde hangi i\u00e7eri\u011fi g\u00f6r\u00fcnt\u00fcledi\u011finiz ve ziyaretinizin s\u00fcresi gibi web sitesini\/mobil uygulamay\u0131\/mobil webi nas\u0131l kulland\u0131\u011f\u0131n\u0131z\u0131n izlenmesi dahil olmak \u00fczere; web sitesini\/mobil uygulamay\u0131\/mobil webi nas\u0131l kulland\u0131\u011f\u0131n\u0131z\u0131 belirlemek i\u00e7in kullan\u0131r.<br \/>\nc. \u0130lgi alanlar\u0131n\u0131za ve size daha uygun i\u00e7erik ve reklamlar\u0131 sunmak i\u00e7in, di\u011fer bir ifade ile hedeflenmi\u015f reklam\/tan\u0131t\u0131m amac\u0131yla kullan\u0131r. Bu \u015fekilde, web sitesini, mobil uygulamas\u0131n\u0131 veya mobil webi kulland\u0131\u011f\u0131n\u0131zda size daha uygun i\u00e7erikleri, ki\u015fiye \u00f6zel kampanya ve \u00fcr\u00fcnleri sunar ve daha \u00f6nceden istemedi\u011finizi belirtti\u011finiz i\u00e7erik veya f\u0131rsatlar\u0131 bir daha sunmaz. \u0130nternet sitesi, \u00e7erezler yoluyla elde edilen bilgileri kullan\u0131c\u0131lar\u0131m\u0131zdan\/\u00fcyelerimizden toplad\u0131\u011f\u0131m\u0131z ki\u015fisel verilerle e\u015fle\u015ftirir.<\/p>\n<p>&nbsp;<\/p>\n<h3><strong>\u00dc\u00e7\u00fcnc\u00fc Parti Sitelere Ba\u011flant\u0131lar\u0131na (Linklere) Dair<\/strong><\/h3>\n<p>Ephesia Otelleri ve Esen Turizm A.\u015e. ad\u0131 alt\u0131nda varl\u0131k g\u00f6steren di\u011fer \u015firketler, web sitesindeki ba\u011flant\u0131lar arac\u0131l\u0131\u011f\u0131yla ula\u015faca\u011f\u0131n\u0131z \u00fc\u00e7\u00fcnc\u00fc ki\u015filere ait web sitelerinin gizlilik ilkeleri hakk\u0131nda bir garanti vermez, bu nedenle ki\u015fisel olarak belirlenebilir herhangi bir bilgi vermeden \u00f6nce, gitti\u011finiz sitelerin gizlilik yakla\u015f\u0131mlar\u0131n\u0131 de\u011ferlendirmenizi \u00f6neririz.<\/p>\n<h3><strong>\u0130leti\u015fim<\/strong><\/h3>\n<p>Gizlilik s\u00f6zle\u015fmesiyle ilgili sorular\u0131n\u0131z i\u00e7in a\u015fa\u011f\u0131daki ileti\u015fim bilgilerini kullanarak bize ula\u015fabilirsiniz.<\/p>\n","protected":false},"excerpt":{"rendered":"<p>WEB S\u0130TES\u0130 G\u0130ZL\u0130L\u0130K S\u00d6ZLE\u015eMES\u0130 \u0130\u015fbu Gizlilik Politikas\u0131nda&#8230;<\/p>\n","protected":false},"author":1,"featured_media":430,"parent":0,"menu_order":0,"comment_status":"closed","ping_status":"closed","template":"","meta":{"_acf_changed":false,"inline_featured_image":false,"footnotes":""},"class_list":["post-556","page","type-page","status-publish","has-post-thumbnail","hentry"],"acf":[],"_links":{"self":[{"href":"https:\/\/ephesiahotel.com\/beach\/wp-json\/wp\/v2\/pages\/556","targetHints":{"allow":["GET"]}}],"collection":[{"href":"https:\/\/ephesiahotel.com\/beach\/wp-json\/wp\/v2\/pages"}],"about":[{"href":"https:\/\/ephesiahotel.com\/beach\/wp-json\/wp\/v2\/types\/page"}],"author":[{"embeddable":true,"href":"https:\/\/ephesiahotel.com\/beach\/wp-json\/wp\/v2\/users\/1"}],"replies":[{"embeddable":true,"href":"https:\/\/ephesiahotel.com\/beach\/wp-json\/wp\/v2\/comments?post=556"}],"version-history":[{"count":1,"href":"https:\/\/ephesiahotel.com\/beach\/wp-json\/wp\/v2\/pages\/556\/revisions"}],"predecessor-version":[{"id":557,"href":"https:\/\/ephesiahotel.com\/beach\/wp-json\/wp\/v2\/pages\/556\/revisions\/557"}],"wp:featuredmedia":[{"embeddable":true,"href":"https:\/\/ephesiahotel.com\/beach\/wp-json\/wp\/v2\/media\/430"}],"wp:attachment":[{"href":"https:\/\/ephesiahotel.com\/beach\/wp-json\/wp\/v2\/media?parent=556"}],"curies":[{"name":"wp","href":"https:\/\/api.w.org\/{rel}","templated":true}]}}