{"id":558,"date":"2025-04-07T17:17:09","date_gmt":"2025-04-07T14:17:09","guid":{"rendered":"https:\/\/ephesiahotel.com\/beach\/?page_id=558"},"modified":"2025-04-07T17:25:10","modified_gmt":"2025-04-07T14:25:10","slug":"kisisel-verilerin-korunmasi","status":"publish","type":"page","link":"https:\/\/ephesiahotel.com\/beach\/kisisel-verilerin-korunmasi\/","title":{"rendered":"Ki\u015fisel Verilerin Korunmas\u0131"},"content":{"rendered":"<p>Gizlilik s\u00f6zle\u015fmesiyle ilgili sorular\u0131n\u0131z ve talepleriniz i\u00e7in a\u015fa\u011f\u0131daki formun \u00e7\u0131kt\u0131s\u0131n\u0131 al\u0131p doldurduktan sonra, altta bulunan adrese iadeli taahh\u00fctl\u00fc mektup g\u00f6nderebilirsiniz.<\/p>\n<p><a href=\"\/beach\/wp-content\/themes\/ephesia-theme\/assets\/docs\/EphesiaHotelsKVKveGizlilikPolitikasi.pdf\" target=\"_blank\" rel=\"noopener\">Ki\u015fisel Verilerin Korunmas\u0131, Gizlilik Politikas\u0131 ve \u00c7erez Kullan\u0131m \u0130lkeleri<\/a><\/p>\n<p><a href=\"\/beach\/wp-content\/themes\/ephesia-theme\/assets\/docs\/EHBCKameraKayitlariAydinlatmaMetni.pdf\" target=\"_blank\" rel=\"noopener\">Kamera Kay\u0131tlar\u0131 Ayd\u0131nlatma Metni<\/a><\/p>\n<p><a href=\"\/beach\/wp-content\/themes\/ephesia-theme\/assets\/docs\/EphesiaHotelsMisafirAyd%C4%B1nlatmaMetni.pdf\" target=\"_blank\" rel=\"noopener\">Misafir Ayd\u0131nlatma Metni<\/a><\/p>\n<p><a href=\"\/beach\/wp-content\/themes\/ephesia-theme\/assets\/docs\/Ki%C5%9FiselVeriBasvuruFormu.pdf\" target=\"_blank\" rel=\"noopener\">Ba\u015fvuru Formu<\/a><\/p>\n","protected":false},"excerpt":{"rendered":"<p>Gizlilik s\u00f6zle\u015fmesiyle ilgili sorular\u0131n\u0131z ve talepleriniz i\u00e7in&#8230;<\/p>\n","protected":false},"author":1,"featured_media":430,"parent":0,"menu_order":0,"comment_status":"closed","ping_status":"closed","template":"","meta":{"_acf_changed":false,"inline_featured_image":false,"footnotes":""},"class_list":["post-558","page","type-page","status-publish","has-post-thumbnail","hentry"],"acf":[],"_links":{"self":[{"href":"https:\/\/ephesiahotel.com\/beach\/wp-json\/wp\/v2\/pages\/558","targetHints":{"allow":["GET"]}}],"collection":[{"href":"https:\/\/ephesiahotel.com\/beach\/wp-json\/wp\/v2\/pages"}],"about":[{"href":"https:\/\/ephesiahotel.com\/beach\/wp-json\/wp\/v2\/types\/page"}],"author":[{"embeddable":true,"href":"https:\/\/ephesiahotel.com\/beach\/wp-json\/wp\/v2\/users\/1"}],"replies":[{"embeddable":true,"href":"https:\/\/ephesiahotel.com\/beach\/wp-json\/wp\/v2\/comments?post=558"}],"version-history":[{"count":6,"href":"https:\/\/ephesiahotel.com\/beach\/wp-json\/wp\/v2\/pages\/558\/revisions"}],"predecessor-version":[{"id":568,"href":"https:\/\/ephesiahotel.com\/beach\/wp-json\/wp\/v2\/pages\/558\/revisions\/568"}],"wp:featuredmedia":[{"embeddable":true,"href":"https:\/\/ephesiahotel.com\/beach\/wp-json\/wp\/v2\/media\/430"}],"wp:attachment":[{"href":"https:\/\/ephesiahotel.com\/beach\/wp-json\/wp\/v2\/media?parent=558"}],"curies":[{"name":"wp","href":"https:\/\/api.w.org\/{rel}","templated":true}]}}