{"id":1097,"date":"2025-04-07T17:09:33","date_gmt":"2025-04-07T14:09:33","guid":{"rendered":"https:\/\/ephesiahotel.com\/resort\/hakkimizda\/"},"modified":"2025-08-12T16:46:49","modified_gmt":"2025-08-12T13:46:49","slug":"aboutus","status":"publish","type":"page","link":"https:\/\/ephesiahotel.com\/resort\/en\/aboutus\/","title":{"rendered":"About us"},"content":{"rendered":"<p>Ephesia Holiday Beach Club and Ephesia Resort Hotel are located along the coastline of Ku\u015fadas\u0131\u2019s Il\u0131ca area, featuring pristine white sands and a deep blue sea. They are just 7 km from the center of Ku\u015fadas\u0131 and only 75 km from \u0130zmir Adnan Menderes Airport.<\/p>\n<p>At Ephesia, each of our guests always leaves with unforgettable and special holiday memories.<br \/>\nEach of the Ephesia Hotels, located in the heavenly corners of the Aegean, reflects the true Aegean culture and style to its guests.<\/p>\n<p>Ephesia Hotels are waiting for you for an unforgettable holiday filled with romance, exploration, and exciting memories.<\/p>\n<p>Indulge yourself with fragrant and colorful gardens, the refreshing waters of the magnificent Aegean shores, the splendor of Turkish cuisine, food festivals, and a variety of activities.<\/p>\n<p>For us, service, quality, and consistency are always the top priorities. Therefore, all of our guests leave Ephesia Hotels not just as visitors but as lifelong members of the Ephesia family.<\/p>\n<p>Become a part of the Ephesia family too.<\/p>\n<h2>MISSION<\/h2>\n<p>With happy, efficient, friendly, and hospitable employees, our mission is to provide products and services compatible with our guests&#8217; desires, needs, and expectations to ensure an unforgettable holiday experience. With full awareness of our important responsibilities in the tourism sector, we place special emphasis on establishing, maintaining, and improving service quality at all levels of our organization.<\/p>\n<h2>VISION<\/h2>\n<p>By implementing continuous development and improvement policies, our vision is to become a leading brand in the sector, contribute to the tourism value of Ku\u015fadas\u0131 and the Aegean Region, and be an establishment that supports the promotion and development of our country.<\/p>\n<h2>BUSINESS NAME<\/h2>\n<p>ESEN TURIZM ISLETMECILIGI VE TICARET ANONIM SIRKETI<br \/>\nYAVANSU MAHALLESI KARAOVA PLAJI SOK. NO: 4 KUSADASI\/AYDIN<br \/>\nTax Office : Kusadasi<br \/>\nTax Number : 378 002 9300<\/p>\n","protected":false},"excerpt":{"rendered":"<p>Ephesia Holiday Beach Club and Ephesia Resort&#8230;<\/p>\n","protected":false},"author":1,"featured_media":912,"parent":0,"menu_order":0,"comment_status":"closed","ping_status":"closed","template":"","meta":{"_acf_changed":false,"inline_featured_image":false,"footnotes":""},"class_list":["post-1097","page","type-page","status-publish","has-post-thumbnail","hentry"],"acf":[],"_links":{"self":[{"href":"https:\/\/ephesiahotel.com\/resort\/en\/wp-json\/wp\/v2\/pages\/1097","targetHints":{"allow":["GET"]}}],"collection":[{"href":"https:\/\/ephesiahotel.com\/resort\/en\/wp-json\/wp\/v2\/pages"}],"about":[{"href":"https:\/\/ephesiahotel.com\/resort\/en\/wp-json\/wp\/v2\/types\/page"}],"author":[{"embeddable":true,"href":"https:\/\/ephesiahotel.com\/resort\/en\/wp-json\/wp\/v2\/users\/1"}],"replies":[{"embeddable":true,"href":"https:\/\/ephesiahotel.com\/resort\/en\/wp-json\/wp\/v2\/comments?post=1097"}],"version-history":[{"count":7,"href":"https:\/\/ephesiahotel.com\/resort\/en\/wp-json\/wp\/v2\/pages\/1097\/revisions"}],"predecessor-version":[{"id":1235,"href":"https:\/\/ephesiahotel.com\/resort\/en\/wp-json\/wp\/v2\/pages\/1097\/revisions\/1235"}],"wp:featuredmedia":[{"embeddable":true,"href":"https:\/\/ephesiahotel.com\/resort\/en\/wp-json\/wp\/v2\/media\/912"}],"wp:attachment":[{"href":"https:\/\/ephesiahotel.com\/resort\/en\/wp-json\/wp\/v2\/media?parent=1097"}],"curies":[{"name":"wp","href":"https:\/\/api.w.org\/{rel}","templated":true}]}}