{"id":252,"date":"2025-04-04T14:01:29","date_gmt":"2025-04-04T11:01:29","guid":{"rendered":"https:\/\/ephesiahotel.com\/resort\/?page_id=252"},"modified":"2025-04-08T16:41:07","modified_gmt":"2025-04-08T13:41:07","slug":"yeme-icme","status":"publish","type":"page","link":"https:\/\/ephesiahotel.com\/resort\/yeme-icme\/","title":{"rendered":"Yeme &#8211; \u0130\u00e7me"},"content":{"rendered":"<h2><\/h2>\n<div class=\"title\">\n<h2>Ephesia Resort Hotel\u2019de<br \/>\nLezzet Dolu Bir Deneyim<\/h2>\n<\/div>\n<p>Ephesia Resort Hotel, tatilinizi unutulmaz k\u0131lacak zengin lezzet se\u00e7enekleriyle damaklar\u0131n\u0131za hitap ediyor. \u00d6zenle haz\u0131rlanan a\u00e7\u0131k b\u00fcfeler, taze ve yerel malzemelerle sunulan \u00f6zel tatlar ve g\u00fcn boyu keyif alabilece\u011finiz at\u0131\u015ft\u0131rmal\u0131klarla her \u00f6\u011f\u00fcn\u00fc bir ziyafete d\u00f6n\u00fc\u015ft\u00fcr\u00fcyoruz. Sabah kahvalt\u0131s\u0131ndan ak\u015fam yeme\u011fine kadar geni\u015f yelpazede sunulan lezzetlerimizle hem T\u00fcrk mutfa\u011f\u0131n\u0131n hem de uluslararas\u0131 mutfaklar\u0131n en se\u00e7kin \u00f6rneklerini ke\u015ffedeceksiniz.\u00a0Otelde yer alan restoranlar\u0131m\u0131z ve barlar\u0131m\u0131z, farkl\u0131 tatlar\u0131 deneyimleyebilece\u011finiz keyifli alanlar sunuyor. A\u00e7\u0131k b\u00fcfe restoranlar\u0131m\u0131zdan havuz ba\u015f\u0131nda serinleten i\u00e7eceklere, geleneksel T\u00fcrk lezzetlerinden at\u0131\u015ft\u0131rmal\u0131klara kadar bir\u00e7ok alternatif sizi bekliyor. G\u00fcn\u00fcn her an\u0131nda lezzeti ve keyfi bir arada ya\u015famak i\u00e7in Ephesia Resort Hotel\u2019in e\u015fsiz yeme-i\u00e7me deneyimine davetlisiniz!<\/p>\n","protected":false},"excerpt":{"rendered":"<p>Ephesia Resort Hotel\u2019de Lezzet Dolu Bir Deneyim&#8230;<\/p>\n","protected":false},"author":1,"featured_media":613,"parent":0,"menu_order":0,"comment_status":"closed","ping_status":"closed","template":"page-yeme-icme.php","meta":{"_acf_changed":false,"inline_featured_image":false,"footnotes":""},"class_list":["post-252","page","type-page","status-publish","has-post-thumbnail","hentry"],"acf":[],"_links":{"self":[{"href":"https:\/\/ephesiahotel.com\/resort\/wp-json\/wp\/v2\/pages\/252","targetHints":{"allow":["GET"]}}],"collection":[{"href":"https:\/\/ephesiahotel.com\/resort\/wp-json\/wp\/v2\/pages"}],"about":[{"href":"https:\/\/ephesiahotel.com\/resort\/wp-json\/wp\/v2\/types\/page"}],"author":[{"embeddable":true,"href":"https:\/\/ephesiahotel.com\/resort\/wp-json\/wp\/v2\/users\/1"}],"replies":[{"embeddable":true,"href":"https:\/\/ephesiahotel.com\/resort\/wp-json\/wp\/v2\/comments?post=252"}],"version-history":[{"count":20,"href":"https:\/\/ephesiahotel.com\/resort\/wp-json\/wp\/v2\/pages\/252\/revisions"}],"predecessor-version":[{"id":615,"href":"https:\/\/ephesiahotel.com\/resort\/wp-json\/wp\/v2\/pages\/252\/revisions\/615"}],"wp:featuredmedia":[{"embeddable":true,"href":"https:\/\/ephesiahotel.com\/resort\/wp-json\/wp\/v2\/media\/613"}],"wp:attachment":[{"href":"https:\/\/ephesiahotel.com\/resort\/wp-json\/wp\/v2\/media?parent=252"}],"curies":[{"name":"wp","href":"https:\/\/api.w.org\/{rel}","templated":true}]}}