{"id":715,"date":"2025-04-09T10:19:54","date_gmt":"2025-04-09T07:19:54","guid":{"rendered":"https:\/\/ephesiahotel.com\/resort\/?page_id=715"},"modified":"2025-04-09T13:46:43","modified_gmt":"2025-04-09T10:46:43","slug":"standart-oda","status":"publish","type":"page","link":"https:\/\/ephesiahotel.com\/resort\/odalar\/standart-oda\/","title":{"rendered":"Standart Oda"},"content":{"rendered":"<p>Ephesia Resort Hotel\u2019in 240 adet standart odas\u0131, \u015f\u0131kl\u0131k ve konforu bir araya getirerek misafirlerine huzurlu bir konaklama deneyimi sunuyor. Deniz veya kara manzaral\u0131 se\u00e7enekleriyle her biri 27 m\u00b2 geni\u015fli\u011findeki odalar\u0131m\u0131z, tatilinizi keyifle ge\u00e7irmeniz i\u00e7in \u00f6zenle tasarland\u0131. Balkon, split klima, kartl\u0131 anahtar sistemi, LCD TV, minibar ve \u00fccretsiz internet ba\u011flant\u0131s\u0131 gibi modern olanaklarla donat\u0131lan odalar\u0131m\u0131zda, ihtiyac\u0131n\u0131z olan her \u015fey elinizin alt\u0131nda.<\/p>\n<p>\u00d6zel g\u00fcnlerinizi unutulmaz k\u0131lmak i\u00e7in balay\u0131 \u00e7iftlerine \u00f6zel dekorasyon ve hizmetler sunulan standart odalar\u0131m\u0131zda, romantizmi ve rahatl\u0131\u011f\u0131 bir arada ya\u015fayabilirsiniz. Tatiliniz boyunca konforunuzu en \u00fcst seviyeye \u00e7\u0131karan detaylarla bezenmi\u015f odalar\u0131m\u0131z, dingin ve keyifli bir atmosfer sunuyor. Ephesia Resort Hotel\u2019de konaklaman\u0131n ayr\u0131cal\u0131\u011f\u0131n\u0131 ya\u015famak i\u00e7in sizleri bekliyoruz!<\/p>\n","protected":false},"excerpt":{"rendered":"<p>Ephesia Resort Hotel\u2019in 240 adet standart odas\u0131,&#8230;<\/p>\n","protected":false},"author":1,"featured_media":728,"parent":216,"menu_order":0,"comment_status":"closed","ping_status":"closed","template":"page-oda-detay.php","meta":{"_acf_changed":false,"inline_featured_image":false,"footnotes":""},"class_list":["post-715","page","type-page","status-publish","has-post-thumbnail","hentry"],"acf":[],"_links":{"self":[{"href":"https:\/\/ephesiahotel.com\/resort\/wp-json\/wp\/v2\/pages\/715","targetHints":{"allow":["GET"]}}],"collection":[{"href":"https:\/\/ephesiahotel.com\/resort\/wp-json\/wp\/v2\/pages"}],"about":[{"href":"https:\/\/ephesiahotel.com\/resort\/wp-json\/wp\/v2\/types\/page"}],"author":[{"embeddable":true,"href":"https:\/\/ephesiahotel.com\/resort\/wp-json\/wp\/v2\/users\/1"}],"replies":[{"embeddable":true,"href":"https:\/\/ephesiahotel.com\/resort\/wp-json\/wp\/v2\/comments?post=715"}],"version-history":[{"count":4,"href":"https:\/\/ephesiahotel.com\/resort\/wp-json\/wp\/v2\/pages\/715\/revisions"}],"predecessor-version":[{"id":745,"href":"https:\/\/ephesiahotel.com\/resort\/wp-json\/wp\/v2\/pages\/715\/revisions\/745"}],"up":[{"embeddable":true,"href":"https:\/\/ephesiahotel.com\/resort\/wp-json\/wp\/v2\/pages\/216"}],"wp:featuredmedia":[{"embeddable":true,"href":"https:\/\/ephesiahotel.com\/resort\/wp-json\/wp\/v2\/media\/728"}],"wp:attachment":[{"href":"https:\/\/ephesiahotel.com\/resort\/wp-json\/wp\/v2\/media?parent=715"}],"curies":[{"name":"wp","href":"https:\/\/api.w.org\/{rel}","templated":true}]}}